{"id":17,"date":"2016-12-18T20:04:01","date_gmt":"2016-12-18T20:04:01","guid":{"rendered":"http:\/\/guaduabambu.com.br\/?page_id=17"},"modified":"2017-02-02T13:21:34","modified_gmt":"2017-02-02T13:21:34","slug":"home","status":"publish","type":"page","link":"https:\/\/guaduabambu.com.br\/","title":{"rendered":"Home"},"content":{"rendered":"[vc_row type=&#8221;full_width_background&#8221; full_screen_row_position=&#8221;top&#8221; bg_image=&#8221;6&#8243; bg_position=&#8221;center center&#8221; bg_repeat=&#8221;no-repeat&#8221; scene_position=&#8221;center&#8221; text_color=&#8221;light&#8221; text_align=&#8221;left&#8221; id=&#8221;Garantia&#8221; row_name=&#8221;Garantia&#8221; overlay_strength=&#8221;0.3&#8243;][vc_column column_padding=&#8221;padding-5-percent&#8221; column_padding_position=&#8221;top-bottom&#8221; background_color_opacity=&#8221;1&#8243; background_hover_color_opacity=&#8221;1&#8243; width=&#8221;1\/1&#8243; tablet_text_alignment=&#8221;default&#8221; phone_text_alignment=&#8221;default&#8221;][vc_column_text css=&#8221;.vc_custom_1482099664626{padding-top: 10px !important;padding-right: 10px !important;padding-bottom: 10px !important;padding-left: 10px !important;background-color: rgba(183,189,29,0.70) !important;*background-color: rgb(183,189,29) !important;}&#8221;]\n<h1>Dez anos de experi\u00eancia e garantia sobre os produtos e servi\u00e7os oferecidos com bambu.<\/h1>\n[\/vc_column_text][vc_column_text css=&#8221;.vc_custom_1486041028849{margin-top: 30% !important;padding-top: 10px !important;padding-bottom: 10px !important;background-color: rgba(2,2,2,0.72) !important;*background-color: rgb(2,2,2) !important;}&#8221;]\n<h3 style=\"text-align: center;\">SUSTENTABILIDADE \u2022 ORGANICIDADE \u2022 LEVEZA \u2022 DURABILIDADE<\/h3>\n[\/vc_column_text][\/vc_column][\/vc_row][vc_row type=&#8221;full_width_background&#8221; full_screen_row_position=&#8221;top&#8221; bg_image=&#8221;31&#8243; bg_position=&#8221;center center&#8221; bg_repeat=&#8221;no-repeat&#8221; scene_position=&#8221;center&#8221; text_color=&#8221;light&#8221; text_align=&#8221;left&#8221; id=&#8221;A\u00e7o Vegetal&#8221; row_name=&#8221;A\u00e7o Vegetal&#8221; overlay_strength=&#8221;0.3&#8243;][vc_column column_padding=&#8221;padding-5-percent&#8221; column_padding_position=&#8221;top-bottom&#8221; background_color_opacity=&#8221;1&#8243; background_hover_color_opacity=&#8221;1&#8243; width=&#8221;1\/1&#8243; tablet_text_alignment=&#8221;default&#8221; phone_text_alignment=&#8221;default&#8221;][vc_column_text css=&#8221;.vc_custom_1482099757555{padding: 10px !important;background-color: rgba(183,189,29,0.7) !important;*background-color: rgb(183,189,29) !important;}&#8221;]\n<h1>No bambu o coeficiente de resist\u00eancia a tra\u00e7\u00e3o sobre o peso \u00e9 7 vezes superior ao a\u00e7o.<\/h1>\n[\/vc_column_text][vc_column_text css=&#8221;.vc_custom_1486041028849{margin-top: 30% !important;padding-top: 10px !important;padding-bottom: 10px !important;background-color: rgba(2,2,2,0.72) !important;*background-color: rgb(2,2,2) !important;}&#8221;]\n<h3 style=\"text-align: center;\">SUSTENTABILIDADE \u2022 ORGANICIDADE \u2022 LEVEZA \u2022 DURABILIDADE<\/h3>\n[\/vc_column_text][\/vc_column][\/vc_row][vc_row type=&#8221;full_width_background&#8221; full_screen_row_position=&#8221;top&#8221; bg_image=&#8221;45&#8243; bg_position=&#8221;left top&#8221; bg_repeat=&#8221;no-repeat&#8221; scene_position=&#8221;center&#8221; text_color=&#8221;light&#8221; text_align=&#8221;left&#8221; id=&#8221;Varas de Bambu&#8221; row_name=&#8221;Varas de Bambu&#8221; overlay_strength=&#8221;0.3&#8243;][vc_column column_padding=&#8221;padding-5-percent&#8221; column_padding_position=&#8221;top-bottom&#8221; background_color_opacity=&#8221;1&#8243; background_hover_color_opacity=&#8221;1&#8243; width=&#8221;1\/1&#8243; tablet_text_alignment=&#8221;default&#8221; phone_text_alignment=&#8221;default&#8221;][vc_column_text css=&#8221;.vc_custom_1482099801048{padding: 10px !important;background-color: rgba(183,189,29,0.7) !important;*background-color: rgb(183,189,29) !important;}&#8221;]\n<h1 class=\"font_2\">Assegurar um material com qualidade e garantia atrav\u00e9s do correto manejo e tratamento.<\/h1>\n[\/vc_column_text][vc_column_text css=&#8221;.vc_custom_1486041028849{margin-top: 30% !important;padding-top: 10px !important;padding-bottom: 10px !important;background-color: rgba(2,2,2,0.72) !important;*background-color: rgb(2,2,2) !important;}&#8221;]\n<h3 style=\"text-align: center;\">SUSTENTABILIDADE \u2022 ORGANICIDADE \u2022 LEVEZA \u2022 DURABILIDADE<\/h3>\n[\/vc_column_text][\/vc_column][\/vc_row][vc_row type=&#8221;full_width_background&#8221; full_screen_row_position=&#8221;top&#8221; bg_image=&#8221;56&#8243; bg_position=&#8221;left center&#8221; bg_repeat=&#8221;no-repeat&#8221; scene_position=&#8221;center&#8221; text_color=&#8221;light&#8221; text_align=&#8221;left&#8221; id=&#8221;Pre-moldados&#8221; row_name=&#8221;Pr\u00e9-moldados&#8221; overlay_strength=&#8221;0.3&#8243;][vc_column column_padding=&#8221;padding-5-percent&#8221; column_padding_position=&#8221;top-bottom&#8221; background_color_opacity=&#8221;1&#8243; background_hover_color_opacity=&#8221;1&#8243; width=&#8221;1\/1&#8243; tablet_text_alignment=&#8221;default&#8221; phone_text_alignment=&#8221;default&#8221;][vc_column_text]\n<h1>Oferecer sistemas construtivos modulares pr\u00e9-moldados para otimizar recursos.<\/h1>\n[\/vc_column_text][vc_column_text css=&#8221;.vc_custom_1486041028849{margin-top: 30% !important;padding-top: 10px !important;padding-bottom: 10px !important;background-color: rgba(2,2,2,0.72) !important;*background-color: rgb(2,2,2) !important;}&#8221;]\n<h3 style=\"text-align: center;\">SUSTENTABILIDADE \u2022 ORGANICIDADE \u2022 LEVEZA \u2022 DURABILIDADE<\/h3>\n[\/vc_column_text][\/vc_column][\/vc_row][vc_row type=&#8221;full_width_background&#8221; full_screen_row_position=&#8221;top&#8221; bg_image=&#8221;59&#8243; bg_position=&#8221;left center&#8221; bg_repeat=&#8221;no-repeat&#8221; scene_position=&#8221;center&#8221; text_color=&#8221;light&#8221; text_align=&#8221;left&#8221; id=&#8221;Eventos&#8221; row_name=&#8221;Eventos&#8221; overlay_strength=&#8221;0.3&#8243;][vc_column column_padding=&#8221;padding-5-percent&#8221; column_padding_position=&#8221;top-bottom&#8221; background_color_opacity=&#8221;1&#8243; background_hover_color_opacity=&#8221;1&#8243; width=&#8221;1\/1&#8243; tablet_text_alignment=&#8221;default&#8221; phone_text_alignment=&#8221;default&#8221;][vc_column_text css=&#8221;.vc_custom_1482100965984{padding: 10px !important;background-color: rgba(183,189,29,0.7) !important;*background-color: rgb(183,189,29) !important;}&#8221;]\n<h1>Loca\u00e7\u00e3o e venda de estruturas de r\u00e1pida montagem com diferenciais est\u00e9ticos e ecol\u00f3gicos.<\/h1>\n[\/vc_column_text][vc_column_text css=&#8221;.vc_custom_1486041028849{margin-top: 30% !important;padding-top: 10px !important;padding-bottom: 10px !important;background-color: rgba(2,2,2,0.72) !important;*background-color: rgb(2,2,2) !important;}&#8221;]\n<h3 style=\"text-align: center;\">SUSTENTABILIDADE \u2022 ORGANICIDADE \u2022 LEVEZA \u2022 DURABILIDADE<\/h3>\n[\/vc_column_text][\/vc_column][\/vc_row][vc_row type=&#8221;full_width_background&#8221; full_screen_row_position=&#8221;top&#8221; bg_image=&#8221;60&#8243; bg_position=&#8221;left center&#8221; bg_repeat=&#8221;no-repeat&#8221; scene_position=&#8221;center&#8221; text_color=&#8221;light&#8221; text_align=&#8221;left&#8221; id=&#8221;Construcoes&#8221; row_name=&#8221;Constru\u00e7\u00f5es&#8221; overlay_strength=&#8221;0.3&#8243;][vc_column column_padding=&#8221;padding-5-percent&#8221; column_padding_position=&#8221;top-bottom&#8221; background_color_opacity=&#8221;1&#8243; background_hover_color_opacity=&#8221;1&#8243; width=&#8221;1\/1&#8243; tablet_text_alignment=&#8221;default&#8221; phone_text_alignment=&#8221;default&#8221;][vc_column_text css=&#8221;.vc_custom_1482100948810{padding: 10px !important;background-color: rgba(183,189,29,0.7) !important;*background-color: rgb(183,189,29) !important;}&#8221;]\n<h1>Desenvolver arquitetura em harmonia com o ambiente natural.<\/h1>\n[\/vc_column_text][vc_column_text css=&#8221;.vc_custom_1486041028849{margin-top: 30% !important;padding-top: 10px !important;padding-bottom: 10px !important;background-color: rgba(2,2,2,0.72) !important;*background-color: rgb(2,2,2) !important;}&#8221;]\n<h3 style=\"text-align: center;\">SUSTENTABILIDADE \u2022 ORGANICIDADE \u2022 LEVEZA \u2022 DURABILIDADE<\/h3>\n[\/vc_column_text][\/vc_column][\/vc_row][vc_row type=&#8221;full_width_content&#8221; full_screen_row_position=&#8221;full_height&#8221; equal_height=&#8221;yes&#8221; content_placement=&#8221;middle&#8221; scene_position=&#8221;center&#8221; text_color=&#8221;light&#8221; text_align=&#8221;left&#8221; id=&#8221;Contato&#8221; row_name=&#8221;Contato&#8221; overlay_strength=&#8221;0.3&#8243;][vc_column enable_animation=&#8221;true&#8221; animation=&#8221;reveal-from-bottom&#8221; column_padding=&#8221;no-extra-padding&#8221; column_padding_position=&#8221;all&#8221; background_color_opacity=&#8221;1&#8243; background_hover_color_opacity=&#8221;1&#8243; background_image=&#8221;65&#8243; enable_bg_scale=&#8221;true&#8221; width=&#8221;1\/2&#8243; tablet_text_alignment=&#8221;default&#8221; phone_text_alignment=&#8221;default&#8221;][\/vc_column][vc_column enable_animation=&#8221;true&#8221; animation=&#8221;reveal-from-bottom&#8221; centered_text=&#8221;true&#8221; column_padding=&#8221;padding-10-percent&#8221; column_padding_position=&#8221;bottom&#8221; background_color=&#8221;#565000&#8243; background_color_opacity=&#8221;1&#8243; background_hover_color_opacity=&#8221;1&#8243; width=&#8221;1\/2&#8243; tablet_text_alignment=&#8221;default&#8221; phone_text_alignment=&#8221;default&#8221; delay=&#8221;300&#8243;][nectar_icon icon_family=&#8221;fontawesome&#8221; icon_style=&#8221;default&#8221; icon_color=&#8221;Accent-Color&#8221; icon_padding=&#8221;20px&#8221; icon_size=&#8221;50&#8243; icon_fontawesome=&#8221;fa fa-viadeo&#8221; url=&#8221;#&#8221;][vc_column_text]\n<h1>Guadua Bambu<\/h1>\n<h3>Garopaba, SC \u2013\u00a0Brasil<\/h3>\n<h2><a href=\"mailto:chaluppe@guaduabambu.com.br\">chaluppe@guaduabambu.com.br<\/a><\/h2>\n<h2>Tel: 048 988 282 881<\/h2>\n[\/vc_column_text][vc_column_text css=&#8221;.vc_custom_1482104074877{margin-top: 50px !important;padding-top: 50px !important;}&#8221;]\n<h3>SUSTENTABILIDADE \u2022 ORGANICIDADE \u2022 LEVEZA \u2022 DURABILIDADE<\/h3>\n[\/vc_column_text][\/vc_column][\/vc_row]\n","protected":false},"excerpt":{"rendered":"<p>[vc_row type=&#8221;full_width_background&#8221; full_screen_row_position=&#8221;top&#8221; bg_image=&#8221;6&#8243; bg_position=&#8221;center center&#8221; bg_repeat=&#8221;no-repeat&#8221; scene_position=&#8221;center&#8221; text_color=&#8221;light&#8221; text_align=&#8221;left&#8221; id=&#8221;Garantia&#8221; row_name=&#8221;Garantia&#8221; overlay_strength=&#8221;0.3&#8243;][vc_column column_padding=&#8221;padding-5-percent&#8221; column_padding_position=&#8221;top-bottom&#8221; background_color_opacity=&#8221;1&#8243; background_hover_color_opacity=&#8221;1&#8243; width=&#8221;1\/1&#8243; tablet_text_alignment=&#8221;default&#8221; phone_text_alignment=&#8221;default&#8221;][vc_column_text css=&#8221;.vc_custom_1482099664626{padding-top: 10px !important;padding-right: 10px !important;padding-bottom: 10px !important;padding-left: 10px !important;background-color: rgba(183,189,29,0.70)&#8230;<\/p>\n","protected":false},"author":1,"featured_media":0,"parent":0,"menu_order":0,"comment_status":"closed","ping_status":"closed","template":"","meta":{"footnotes":""},"class_list":["post-17","page","type-page","status-publish","hentry"],"_links":{"self":[{"href":"https:\/\/guaduabambu.com.br\/index.php?rest_route=\/wp\/v2\/pages\/17","targetHints":{"allow":["GET"]}}],"collection":[{"href":"https:\/\/guaduabambu.com.br\/index.php?rest_route=\/wp\/v2\/pages"}],"about":[{"href":"https:\/\/guaduabambu.com.br\/index.php?rest_route=\/wp\/v2\/types\/page"}],"author":[{"embeddable":true,"href":"https:\/\/guaduabambu.com.br\/index.php?rest_route=\/wp\/v2\/users\/1"}],"replies":[{"embeddable":true,"href":"https:\/\/guaduabambu.com.br\/index.php?rest_route=%2Fwp%2Fv2%2Fcomments&post=17"}],"version-history":[{"count":69,"href":"https:\/\/guaduabambu.com.br\/index.php?rest_route=\/wp\/v2\/pages\/17\/revisions"}],"predecessor-version":[{"id":106,"href":"https:\/\/guaduabambu.com.br\/index.php?rest_route=\/wp\/v2\/pages\/17\/revisions\/106"}],"wp:attachment":[{"href":"https:\/\/guaduabambu.com.br\/index.php?rest_route=%2Fwp%2Fv2%2Fmedia&parent=17"}],"curies":[{"name":"wp","href":"https:\/\/api.w.org\/{rel}","templated":true}]}}